{"id":8748,"date":"2022-02-25T00:08:38","date_gmt":"2022-02-24T21:08:38","guid":{"rendered":"https:\/\/vclapps.com\/program-ortaklarimiz\/"},"modified":"2023-03-12T10:13:31","modified_gmt":"2023-03-12T07:13:31","slug":"socios-del-programa","status":"publish","type":"page","link":"https:\/\/vclapps.com\/es\/socios-del-programa\/","title":{"rendered":"Socios del programa"},"content":{"rendered":"<section class=\"l-section wpb_row height_custom color_primary with_img parallax_hor bgwidth_110\"><div class=\"l-section-img\" role=\"img\" data-img-width=\"2100\" data-img-height=\"800\" style=\"background-image: url(https:\/\/vclapps.com\/wp-content\/uploads\/2022\/02\/vclapps_sayfalar01_1.jpg);background-repeat: no-repeat;\"><\/div><div class=\"l-section-overlay\" style=\"background:rgba(2,2,2,0.00)\"><\/div><div class=\"l-section-h i-cf\"><div class=\"g-cols vc_row via_grid cols_1 laptops-cols_inherit tablets-cols_inherit mobiles-cols_1 valign_top type_default stacking_default\"><div class=\"wpb_column vc_column_container\"><div class=\"vc_column-inner\"><div class=\"wpb_text_column\"><div class=\"wpb_wrapper\"><h2 style=\"text-align: center;\">Socios del programa<\/h2>\n<\/div><\/div><div class=\"w-separator size_small\"><\/div><div class=\"w-iconbox iconpos_top style_default color_custom align_center no_text no_title\"><a href=\"#intro\" class=\"w-iconbox-link\" aria-label=\"far|chevron-down\"><div class=\"w-iconbox-icon\" style=\"font-size:3rem;--icon-color:#ffffff;\"><i class=\"far fa-chevron-down\"><\/i><\/div><\/a><div class=\"w-iconbox-meta\"><\/div><\/div><div class=\"w-separator size_medium\"><\/div><\/div><\/div><\/div><\/div><\/section><section class=\"l-section wpb_row height_custom color_alternate\" id=\"hakkimizda\"><div class=\"l-section-h i-cf\"><div class=\"g-cols vc_row via_grid cols_1 laptops-cols_inherit tablets-cols_inherit mobiles-cols_1 valign_top type_default stacking_default\"><div class=\"wpb_column vc_column_container\"><div class=\"vc_column-inner\"><div class=\"g-cols wpb_row via_grid cols_1 laptops-cols_inherit tablets-cols_inherit mobiles-cols_1 valign_top type_default stacking_default\" style=\"--gap:3rem;\"><div class=\"wpb_column vc_column_container\"><div class=\"vc_column-inner\"><div class=\"wpb_text_column us_custom_15ad39e0\"><div class=\"wpb_wrapper\"><h2 style=\"text-align: center;\">Coordinador del proyecto<\/h2>\n<\/div><\/div><div class=\"w-separator size_small\"><\/div><div class=\"w-image align_center\"><div class=\"w-image-h\"><img loading=\"lazy\" decoding=\"async\" width=\"300\" height=\"163\" src=\"https:\/\/vclapps.com\/wp-content\/uploads\/2022\/02\/logo_anadolu_universitesi-300x163.png\" class=\"attachment-medium size-medium\" alt=\"\" srcset=\"https:\/\/vclapps.com\/wp-content\/uploads\/2022\/02\/logo_anadolu_universitesi-300x163.png 300w, https:\/\/vclapps.com\/wp-content\/uploads\/2022\/02\/logo_anadolu_universitesi.png 450w\" sizes=\"auto, (max-width: 300px) 100vw, 300px\" \/><\/div><\/div><\/div><\/div><\/div><div class=\"g-cols wpb_row us_custom_fa522285 via_grid cols_2 laptops-cols_inherit tablets-cols_inherit mobiles-cols_1 valign_top type_default stacking_default\" style=\"--gap:2rem;\"><div class=\"wpb_column vc_column_container\"><div class=\"vc_column-inner\"><div class=\"wpb_text_column\"><div class=\"wpb_wrapper\"><p>Establecida en 1958, la Academia de Ciencias Econ\u00f3micas y Comerciales de Eski\u015fehir constituye la base de la Universidad de Anadolu. Nuestra instituci\u00f3n, que se transform\u00f3 en la Universidad Anadolu en 1982, tom\u00f3 su lugar como una universidad moderna, din\u00e1mica e innovadora no solo en nuestro pa\u00eds sino tambi\u00e9n entre las universidades m\u00e1s grandes del mundo. Situado en el centro de Eski\u015fehir, que se caracteriza por ser una ciudad de ciencia, cultura y juventud al mismo tiempo, el campus consta de 12 facultades, 3 de las cuales ofrecen educaci\u00f3n abierta y a distancia, 3 escuelas, 1 de las cuales es el Conservatorio Estatal , 3 Escuelas Vocacionales, 6 Institutos (4 cursos de grado y posgrado nivel doctorado) y 24 Centros de Investigaci\u00f3n.<\/p>\n<p>La Universidad de Anadolu es una universidad que ha logrado muchas primicias. Al comienzo de estas primicias est\u00e1 el \u00e9xito de implementar el sistema de educaci\u00f3n a distancia. Hoy, el n\u00famero total de estudiantes de las tres facultades que imparten educaci\u00f3n a distancia supera los 2 millones. El \u00e9xito mostrado en el desarrollo de este sistema es un ejemplo para muchas instituciones en diferentes pa\u00edses.<\/p>\n<p>La Universidad de Anadolu trabaja para preparar a sus estudiantes como los mejores del futuro en entornos educativos creativos y din\u00e1micos, con una amplia gama de profesores, cada uno tratando de ser el mejor en su campo y compartiendo todo su tiempo con sus estudiantes en sus departamentos equipados con las \u00faltimas instalaciones tecnol\u00f3gicas.<\/p>\n<\/div><\/div><\/div><\/div><div class=\"wpb_column vc_column_container\"><div class=\"vc_column-inner\"><div class=\"wpb_text_column\"><div class=\"wpb_wrapper\"><p>Los campus seguros y modernos de la Universidad de Anadolu tienen casi todas las instalaciones necesarias para un estudiante. La biblioteca central, donde es posible acceder a m\u00e1s de 325.000 recursos impresos, as\u00ed como muchos recursos electr\u00f3nicos, atiende a los estudiantes las 24 horas del d\u00eda, incluidos los d\u00edas festivos. Adem\u00e1s, se ofrece sopa\/t\u00e9\/caf\u00e9 caliente a los estudiantes de forma gratuita entre las 12:00 y la 01:00 de la noche en el \u00e1rea de la biblioteca. En la biblioteca central, que ocupa una superficie de 12.330 m2, los alumnos pueden trabajar en entornos adecuados a su propio estilo de trabajo. Los estudiantes pueden ver f\u00e1cilmente eventos culturales y art\u00edsticos en nuestras salas de cine, teatro, conciertos y exposiciones en el campus. Al mismo tiempo, los estudiantes tienen la oportunidad de participar en entrevistas y actividades con artistas, realizar todo tipo de deportes en la piscina semiol\u00edmpica del campus, en polideportivos construidos con est\u00e1ndares internacionales, canchas de tenis y \u00e1reas verdes, mientras aprovechando al m\u00e1ximo su tiempo libre. La universidad tambi\u00e9n ofrece tres comidas al d\u00eda (desayuno+almuerzo+cena) para los estudiantes.<\/p>\n<p>Nuestra Universidad, de la que nos enorgullecemos al seguir los desarrollos tecnol\u00f3gicos y cient\u00edficos, criar personas que ser\u00e1n efectivas para dar forma al futuro y enfocarnos en el aprendizaje permanente, abraza al mundo.<\/p>\n<\/div><\/div><\/div><\/div><\/div><\/div><\/div><\/div><\/div><\/section><section class=\"l-section wpb_row height_custom\" id=\"hedefkitlesi\"><div class=\"l-section-h i-cf\"><div class=\"g-cols vc_row via_grid cols_1 laptops-cols_inherit tablets-cols_inherit mobiles-cols_1 valign_top type_default stacking_default\"><div class=\"wpb_column vc_column_container\"><div class=\"vc_column-inner\"><div class=\"wpb_text_column\"><div class=\"wpb_wrapper\"><h3 style=\"text-align: center;\">Socios del programa<\/h3>\n<\/div><\/div><div class=\"w-separator size_medium\"><\/div><div class=\"g-cols wpb_row via_grid cols_3 laptops-cols_inherit tablets-cols_inherit mobiles-cols_1 valign_top type_default stacking_default\" style=\"--gap:3rem;\"><div class=\"wpb_column vc_column_container\"><div class=\"vc_column-inner\"><div class=\"w-image align_center\"><a target=\"_blank\" rel=\"nofollow\" href=\"https:\/\/istanbul.meb.gov.tr\/\" aria-label=\"logo_milli_egitim_bakanligi\" class=\"w-image-h\"><img loading=\"lazy\" decoding=\"async\" width=\"450\" height=\"245\" src=\"https:\/\/vclapps.com\/wp-content\/uploads\/2022\/02\/logo_milli_egitim_bakanligi.png\" class=\"attachment-full size-full\" alt=\"\" srcset=\"https:\/\/vclapps.com\/wp-content\/uploads\/2022\/02\/logo_milli_egitim_bakanligi.png 450w, https:\/\/vclapps.com\/wp-content\/uploads\/2022\/02\/logo_milli_egitim_bakanligi-300x163.png 300w\" sizes=\"auto, (max-width: 450px) 100vw, 450px\" \/><\/a><\/div><\/div><\/div><div class=\"wpb_column vc_column_container\"><div class=\"vc_column-inner\"><div class=\"w-image align_none\"><a target=\"_blank\" rel=\"nofollow\" href=\"http:\/\/ankugvo.k12.tr\/\" aria-label=\"logo_anadolu_uni01\" class=\"w-image-h\"><img loading=\"lazy\" decoding=\"async\" width=\"450\" height=\"245\" src=\"https:\/\/vclapps.com\/wp-content\/uploads\/2022\/02\/logo_anadolu_uni01.png\" class=\"attachment-full size-full\" alt=\"\" srcset=\"https:\/\/vclapps.com\/wp-content\/uploads\/2022\/02\/logo_anadolu_uni01.png 450w, https:\/\/vclapps.com\/wp-content\/uploads\/2022\/02\/logo_anadolu_uni01-300x163.png 300w\" sizes=\"auto, (max-width: 450px) 100vw, 450px\" \/><\/a><\/div><\/div><\/div><div class=\"wpb_column vc_column_container\"><div class=\"vc_column-inner\"><div class=\"w-image align_none\"><a target=\"_blank\" rel=\"nofollow\" href=\"https:\/\/www.aedfg.edu.pt\/index.php\/pt\/\" aria-label=\"logo_04\" class=\"w-image-h\"><img loading=\"lazy\" decoding=\"async\" width=\"450\" height=\"245\" src=\"https:\/\/vclapps.com\/wp-content\/uploads\/2022\/02\/logo_04.png\" class=\"attachment-full size-full\" alt=\"\" srcset=\"https:\/\/vclapps.com\/wp-content\/uploads\/2022\/02\/logo_04.png 450w, https:\/\/vclapps.com\/wp-content\/uploads\/2022\/02\/logo_04-300x163.png 300w\" sizes=\"auto, (max-width: 450px) 100vw, 450px\" \/><\/a><\/div><\/div><\/div><\/div><\/div><\/div><\/div><\/div><\/section><section class=\"l-section wpb_row height_small\"><div class=\"l-section-h i-cf\"><div class=\"g-cols vc_row via_grid cols_1 laptops-cols_inherit tablets-cols_inherit mobiles-cols_1 valign_top type_default stacking_default\" style=\"--gap:1.2rem;\"><div class=\"wpb_column vc_column_container\"><div class=\"vc_column-inner\"><div class=\"g-cols wpb_row via_grid cols_3 laptops-cols_inherit tablets-cols_inherit mobiles-cols_1 valign_top type_default stacking_default\" style=\"--gap:0.3rem;\"><div class=\"wpb_column vc_column_container\"><div class=\"vc_column-inner\"><\/div><\/div><div class=\"wpb_column vc_column_container\"><div class=\"vc_column-inner\"><div class=\"w-image align_center\"><a target=\"_blank\" rel=\"nofollow\" href=\"https:\/\/www.aiju.es\/\" aria-label=\"logo_auji\" class=\"w-image-h\"><img loading=\"lazy\" decoding=\"async\" width=\"450\" height=\"245\" src=\"https:\/\/vclapps.com\/wp-content\/uploads\/2022\/02\/logo_auji.png\" class=\"attachment-full size-full\" alt=\"\" srcset=\"https:\/\/vclapps.com\/wp-content\/uploads\/2022\/02\/logo_auji.png 450w, https:\/\/vclapps.com\/wp-content\/uploads\/2022\/02\/logo_auji-300x163.png 300w\" sizes=\"auto, (max-width: 450px) 100vw, 450px\" \/><\/a><\/div><\/div><\/div><div class=\"wpb_column vc_column_container\"><div class=\"vc_column-inner\"><\/div><\/div><\/div><div class=\"g-cols wpb_row via_grid cols_1 laptops-cols_inherit tablets-cols_inherit mobiles-cols_1 valign_top type_default stacking_default\" style=\"--gap:3rem;\"><div class=\"wpb_column vc_column_container\"><div class=\"vc_column-inner\"><div class=\"wpb_text_column\"><div class=\"wpb_wrapper\"><h4 style=\"text-align: center;\"><strong>\u0130SPANYA \u2013 A\u0130JU<\/strong><\/h4>\n<p style=\"text-align: center;\">AIJU es un Instituto Tecnol\u00f3gico especializado en juguetes, productos infantiles y entretenimiento ubicado en la localidad alicantina de Ibi, con sede en Valencia (Espa\u00f1a).<\/p>\n<p style=\"text-align: center;\">El objetivo de AIJU es optimizar el proceso de creaci\u00f3n y desarrollo de productos para ni\u00f1os, desde la idea hasta el mercado. Con m\u00e1s de 30 a\u00f1os de experiencia, ha asesorado a cientos de empresas (peque\u00f1as, grandes y multinacionales) en miles de productos para asegurar su \u00e9xito.<\/p>\n<p style=\"text-align: center;\">AIJU le ofrece una amplia gama de servicios tecnol\u00f3gicos destinados a mejorar la calidad y competitividad comercial de sus productos. Y adecuando estos productos a los requisitos legales, tecnol\u00f3gicos y de mercado siempre vigentes en las \u00e1reas de seguridad infantil y de productos, consultor\u00eda tecnol\u00f3gica, testing, dise\u00f1o y desarrollo de productos, prototipado, mejora de procesos industriales, adaptaci\u00f3n de productos al mercado, entre otros. informaci\u00f3n sobre el consumidor infantil, asesoramiento o formaci\u00f3n psicopedag\u00f3gica.<\/p>\n<\/div><\/div><\/div><\/div><\/div><\/div><\/div><\/div><\/div><\/section><section class=\"l-section wpb_row height_small\"><div class=\"l-section-h i-cf\"><div class=\"g-cols vc_row via_grid cols_1 laptops-cols_inherit tablets-cols_inherit mobiles-cols_1 valign_top type_default stacking_default\" style=\"--gap:1.2rem;\"><div class=\"wpb_column vc_column_container\"><div class=\"vc_column-inner\"><div class=\"g-cols wpb_row via_grid cols_3 laptops-cols_inherit tablets-cols_inherit mobiles-cols_1 valign_top type_default stacking_default\" style=\"--gap:0.3rem;\"><div class=\"wpb_column vc_column_container\"><div class=\"vc_column-inner\"><\/div><\/div><div class=\"wpb_column vc_column_container\"><div class=\"vc_column-inner\"><div class=\"w-image align_center\"><a target=\"_blank\" rel=\"nofollow\" href=\"http:\/\/www.atasoftware.org\/\" aria-label=\"logo_ata_software\" class=\"w-image-h\"><img loading=\"lazy\" decoding=\"async\" width=\"450\" height=\"245\" src=\"https:\/\/vclapps.com\/wp-content\/uploads\/2022\/02\/logo_ata_software.png\" class=\"attachment-full size-full\" alt=\"\" srcset=\"https:\/\/vclapps.com\/wp-content\/uploads\/2022\/02\/logo_ata_software.png 450w, https:\/\/vclapps.com\/wp-content\/uploads\/2022\/02\/logo_ata_software-300x163.png 300w\" sizes=\"auto, (max-width: 450px) 100vw, 450px\" \/><\/a><\/div><\/div><\/div><div class=\"wpb_column vc_column_container\"><div class=\"vc_column-inner\"><\/div><\/div><\/div><div class=\"g-cols wpb_row via_grid cols_1 laptops-cols_inherit tablets-cols_inherit mobiles-cols_1 valign_top type_default stacking_default\" style=\"--gap:3rem;\"><div class=\"wpb_column vc_column_container\"><div class=\"vc_column-inner\"><div class=\"wpb_text_column\"><div class=\"wpb_wrapper\"><h4 style=\"text-align: center;\"><strong>CRN VR Zone<\/strong><\/h4>\n<p style=\"text-align: center;\">ATA Software inici\u00f3 sus actividades el 17.04.2018 bajo el nombre de CRN VR Zone.<\/p>\n<p style=\"text-align: center;\">CRN VR Zone, donde se preparan aplicaciones de realidad virtual (VR) y se ponen a disposici\u00f3n aplicaciones y equipos de VR, ampli\u00f3 su \u00e1rea de trabajo en 2020 y comenz\u00f3 a prestar servicios en los campos de dise\u00f1o de sitios web, aplicaciones Android\/IOS, aplicaciones VR\/AR.<\/p>\n<\/div><\/div><\/div><\/div><\/div><\/div><\/div><\/div><\/div><\/section><section class=\"l-section wpb_row height_custom\"><div class=\"l-section-h i-cf\"><div class=\"g-cols vc_row via_grid cols_1 laptops-cols_inherit tablets-cols_inherit mobiles-cols_1 valign_top type_default stacking_default\"><div class=\"wpb_column vc_column_container\"><div class=\"vc_column-inner\"><\/div><\/div><\/div><\/div><\/section>\n","protected":false},"excerpt":{"rendered":"Socios del programa Coordinador del proyecto Establecida en 1958, la Academia de Ciencias Econ\u00f3micas y Comerciales de Eski\u015fehir constituye la base de la Universidad de Anadolu. Nuestra instituci\u00f3n, que se transform\u00f3 en la Universidad Anadolu en 1982, tom\u00f3 su lugar como una universidad moderna, din\u00e1mica e innovadora no solo en nuestro pa\u00eds sino tambi\u00e9n entre...","protected":false},"author":1,"featured_media":0,"parent":0,"menu_order":0,"comment_status":"closed","ping_status":"closed","template":"","meta":{"inline_featured_image":false,"footnotes":""},"class_list":["post-8748","page","type-page","status-publish","hentry"],"yoast_head":"<!-- This site is optimized with the Yoast SEO plugin v22.1 - https:\/\/yoast.com\/wordpress\/plugins\/seo\/ -->\n<title>Socios del programa - Virtual Chemistry Lab Apps<\/title>\n<meta name=\"robots\" content=\"index, follow, max-snippet:-1, max-image-preview:large, max-video-preview:-1\" \/>\n<link rel=\"canonical\" href=\"https:\/\/vclapps.com\/es\/socios-del-programa\/\" \/>\n<meta property=\"og:locale\" content=\"es_ES\" \/>\n<meta property=\"og:type\" content=\"article\" \/>\n<meta property=\"og:title\" content=\"Socios del programa - Virtual Chemistry Lab Apps\" \/>\n<meta property=\"og:url\" content=\"https:\/\/vclapps.com\/es\/socios-del-programa\/\" \/>\n<meta property=\"og:site_name\" content=\"Virtual Chemistry Lab Apps\" \/>\n<meta property=\"article:publisher\" content=\"https:\/\/www.facebook.com\/people\/Vcl-Apps\/100070565206048\/\" \/>\n<meta property=\"article:modified_time\" content=\"2023-03-12T07:13:31+00:00\" \/>\n<meta name=\"twitter:card\" content=\"summary_large_image\" \/>\n<meta name=\"twitter:site\" content=\"@virtual_apps\" \/>\n<meta name=\"twitter:label1\" content=\"Tiempo de lectura\" \/>\n\t<meta name=\"twitter:data1\" content=\"6 minutos\" \/>\n<script type=\"application\/ld+json\" class=\"yoast-schema-graph\">{\"@context\":\"https:\/\/schema.org\",\"@graph\":[{\"@type\":\"WebPage\",\"@id\":\"https:\/\/vclapps.com\/es\/socios-del-programa\/\",\"url\":\"https:\/\/vclapps.com\/es\/socios-del-programa\/\",\"name\":\"Socios del programa - Virtual Chemistry Lab Apps\",\"isPartOf\":{\"@id\":\"https:\/\/vclapps.com\/#website\"},\"datePublished\":\"2022-02-24T21:08:38+00:00\",\"dateModified\":\"2023-03-12T07:13:31+00:00\",\"breadcrumb\":{\"@id\":\"https:\/\/vclapps.com\/es\/socios-del-programa\/#breadcrumb\"},\"inLanguage\":\"es\",\"potentialAction\":[{\"@type\":\"ReadAction\",\"target\":[\"https:\/\/vclapps.com\/es\/socios-del-programa\/\"]}]},{\"@type\":\"BreadcrumbList\",\"@id\":\"https:\/\/vclapps.com\/es\/socios-del-programa\/#breadcrumb\",\"itemListElement\":[{\"@type\":\"ListItem\",\"position\":1,\"name\":\"Home\",\"item\":\"https:\/\/vclapps.com\/es\/\"},{\"@type\":\"ListItem\",\"position\":2,\"name\":\"Socios del programa\"}]},{\"@type\":\"WebSite\",\"@id\":\"https:\/\/vclapps.com\/#website\",\"url\":\"https:\/\/vclapps.com\/\",\"name\":\"Virtual Chemistry Lab Apps\",\"description\":\"Kimya ve Uzaktan E\u011fitim\",\"publisher\":{\"@id\":\"https:\/\/vclapps.com\/#organization\"},\"potentialAction\":[{\"@type\":\"SearchAction\",\"target\":{\"@type\":\"EntryPoint\",\"urlTemplate\":\"https:\/\/vclapps.com\/?s={search_term_string}\"},\"query-input\":\"required name=search_term_string\"}],\"inLanguage\":\"es\"},{\"@type\":\"Organization\",\"@id\":\"https:\/\/vclapps.com\/#organization\",\"name\":\"Virtual Chemistry Lab Apps \u2013 Kimya ve Uzaktan E\u011fitim\",\"alternateName\":\"VCLapps\",\"url\":\"https:\/\/vclapps.com\/\",\"logo\":{\"@type\":\"ImageObject\",\"inLanguage\":\"es\",\"@id\":\"https:\/\/vclapps.com\/#\/schema\/logo\/image\/\",\"url\":\"https:\/\/vclapps.com\/wp-content\/uploads\/2022\/02\/vclapps-favicon-00.png\",\"contentUrl\":\"https:\/\/vclapps.com\/wp-content\/uploads\/2022\/02\/vclapps-favicon-00.png\",\"width\":512,\"height\":512,\"caption\":\"Virtual Chemistry Lab Apps \u2013 Kimya ve Uzaktan E\u011fitim\"},\"image\":{\"@id\":\"https:\/\/vclapps.com\/#\/schema\/logo\/image\/\"},\"sameAs\":[\"https:\/\/www.facebook.com\/people\/Vcl-Apps\/100070565206048\/\",\"https:\/\/twitter.com\/virtual_apps\",\"https:\/\/www.instagram.com\/vcl.apps\/\"]}]}<\/script>\n<!-- \/ Yoast SEO plugin. -->","yoast_head_json":{"title":"Socios del programa - Virtual Chemistry Lab Apps","robots":{"index":"index","follow":"follow","max-snippet":"max-snippet:-1","max-image-preview":"max-image-preview:large","max-video-preview":"max-video-preview:-1"},"canonical":"https:\/\/vclapps.com\/es\/socios-del-programa\/","og_locale":"es_ES","og_type":"article","og_title":"Socios del programa - Virtual Chemistry Lab Apps","og_url":"https:\/\/vclapps.com\/es\/socios-del-programa\/","og_site_name":"Virtual Chemistry Lab Apps","article_publisher":"https:\/\/www.facebook.com\/people\/Vcl-Apps\/100070565206048\/","article_modified_time":"2023-03-12T07:13:31+00:00","twitter_card":"summary_large_image","twitter_site":"@virtual_apps","twitter_misc":{"Tiempo de lectura":"6 minutos"},"schema":{"@context":"https:\/\/schema.org","@graph":[{"@type":"WebPage","@id":"https:\/\/vclapps.com\/es\/socios-del-programa\/","url":"https:\/\/vclapps.com\/es\/socios-del-programa\/","name":"Socios del programa - Virtual Chemistry Lab Apps","isPartOf":{"@id":"https:\/\/vclapps.com\/#website"},"datePublished":"2022-02-24T21:08:38+00:00","dateModified":"2023-03-12T07:13:31+00:00","breadcrumb":{"@id":"https:\/\/vclapps.com\/es\/socios-del-programa\/#breadcrumb"},"inLanguage":"es","potentialAction":[{"@type":"ReadAction","target":["https:\/\/vclapps.com\/es\/socios-del-programa\/"]}]},{"@type":"BreadcrumbList","@id":"https:\/\/vclapps.com\/es\/socios-del-programa\/#breadcrumb","itemListElement":[{"@type":"ListItem","position":1,"name":"Home","item":"https:\/\/vclapps.com\/es\/"},{"@type":"ListItem","position":2,"name":"Socios del programa"}]},{"@type":"WebSite","@id":"https:\/\/vclapps.com\/#website","url":"https:\/\/vclapps.com\/","name":"Virtual Chemistry Lab Apps","description":"Kimya ve Uzaktan E\u011fitim","publisher":{"@id":"https:\/\/vclapps.com\/#organization"},"potentialAction":[{"@type":"SearchAction","target":{"@type":"EntryPoint","urlTemplate":"https:\/\/vclapps.com\/?s={search_term_string}"},"query-input":"required name=search_term_string"}],"inLanguage":"es"},{"@type":"Organization","@id":"https:\/\/vclapps.com\/#organization","name":"Virtual Chemistry Lab Apps \u2013 Kimya ve Uzaktan E\u011fitim","alternateName":"VCLapps","url":"https:\/\/vclapps.com\/","logo":{"@type":"ImageObject","inLanguage":"es","@id":"https:\/\/vclapps.com\/#\/schema\/logo\/image\/","url":"https:\/\/vclapps.com\/wp-content\/uploads\/2022\/02\/vclapps-favicon-00.png","contentUrl":"https:\/\/vclapps.com\/wp-content\/uploads\/2022\/02\/vclapps-favicon-00.png","width":512,"height":512,"caption":"Virtual Chemistry Lab Apps \u2013 Kimya ve Uzaktan E\u011fitim"},"image":{"@id":"https:\/\/vclapps.com\/#\/schema\/logo\/image\/"},"sameAs":["https:\/\/www.facebook.com\/people\/Vcl-Apps\/100070565206048\/","https:\/\/twitter.com\/virtual_apps","https:\/\/www.instagram.com\/vcl.apps\/"]}]}},"_links":{"self":[{"href":"https:\/\/vclapps.com\/es\/wp-json\/wp\/v2\/pages\/8748","targetHints":{"allow":["GET"]}}],"collection":[{"href":"https:\/\/vclapps.com\/es\/wp-json\/wp\/v2\/pages"}],"about":[{"href":"https:\/\/vclapps.com\/es\/wp-json\/wp\/v2\/types\/page"}],"author":[{"embeddable":true,"href":"https:\/\/vclapps.com\/es\/wp-json\/wp\/v2\/users\/1"}],"replies":[{"embeddable":true,"href":"https:\/\/vclapps.com\/es\/wp-json\/wp\/v2\/comments?post=8748"}],"version-history":[{"count":4,"href":"https:\/\/vclapps.com\/es\/wp-json\/wp\/v2\/pages\/8748\/revisions"}],"predecessor-version":[{"id":8983,"href":"https:\/\/vclapps.com\/es\/wp-json\/wp\/v2\/pages\/8748\/revisions\/8983"}],"wp:attachment":[{"href":"https:\/\/vclapps.com\/es\/wp-json\/wp\/v2\/media?parent=8748"}],"curies":[{"name":"wp","href":"https:\/\/api.w.org\/{rel}","templated":true}]}}