{"id":8664,"date":"2022-04-27T18:02:46","date_gmt":"2022-04-27T15:02:46","guid":{"rendered":"https:\/\/vclapps.com\/kimya-laboratuvari-e-kitabi\/"},"modified":"2023-12-24T19:30:38","modified_gmt":"2023-12-24T16:30:38","slug":"aplicaciones-del-laboratorio-virtual-de-quimica","status":"publish","type":"page","link":"https:\/\/vclapps.com\/es\/aplicaciones-del-laboratorio-virtual-de-quimica\/","title":{"rendered":"Aplicaciones del Laboratorio Virtual de Qu\u00edmica"},"content":{"rendered":"<section class=\"l-section wpb_row height_custom color_primary with_img parallax_hor bgwidth_110\"><div class=\"l-section-img\" role=\"img\" data-img-width=\"2100\" data-img-height=\"800\" style=\"background-image: url(https:\/\/vclapps.com\/wp-content\/uploads\/2022\/02\/vclapps_sayfalar05.jpg);background-repeat: no-repeat;\"><\/div><div class=\"l-section-overlay\" style=\"background:rgba(2,2,2,0.00)\"><\/div><div class=\"l-section-h i-cf\"><div class=\"g-cols vc_row via_grid cols_1 laptops-cols_inherit tablets-cols_inherit mobiles-cols_1 valign_top type_default stacking_default\"><div class=\"wpb_column vc_column_container\"><div class=\"vc_column-inner\"><div class=\"wpb_text_column\"><div class=\"wpb_wrapper\"><h3 style=\"text-align: center;\">Aplicaciones del Laboratorio Virtual de Qu\u00edmica<\/h3>\n<\/div><\/div><div class=\"w-separator size_small\"><\/div><div class=\"w-iconbox iconpos_top style_default color_custom align_center no_text no_title\"><a href=\"#intro\" class=\"w-iconbox-link\" aria-label=\"far|chevron-down\"><div class=\"w-iconbox-icon\" style=\"font-size:3rem;--icon-color:#ffffff;\"><i class=\"far fa-chevron-down\"><\/i><\/div><\/a><div class=\"w-iconbox-meta\"><\/div><\/div><div class=\"w-separator size_medium\"><\/div><\/div><\/div><\/div><\/div><\/section><section class=\"l-section wpb_row height_auto\"><div class=\"l-section-h i-cf\"><div class=\"g-cols vc_row via_grid cols_3 laptops-cols_inherit tablets-cols_inherit mobiles-cols_1 valign_top type_default stacking_default\"><div class=\"wpb_column vc_column_container\"><div class=\"vc_column-inner\"><div class=\"w-separator size_small\"><\/div><div class=\"w-image align_center\"><div class=\"w-image-h\"><img loading=\"lazy\" decoding=\"async\" width=\"1024\" height=\"657\" src=\"https:\/\/vclapps.com\/wp-content\/uploads\/2022\/04\/laboratuvar-guvenlik-01.jpg\" class=\"attachment-full size-full\" alt=\"\" srcset=\"https:\/\/vclapps.com\/wp-content\/uploads\/2022\/04\/laboratuvar-guvenlik-01.jpg 1024w, https:\/\/vclapps.com\/wp-content\/uploads\/2022\/04\/laboratuvar-guvenlik-01-300x192.jpg 300w\" sizes=\"auto, (max-width: 1024px) 100vw, 1024px\" \/><\/div><\/div><div class=\"w-separator size_small\"><\/div><h6 class=\"w-text us_custom_eb849559\"><span class=\"w-text-h\"><span class=\"w-text-value\">EXPERIMENTO 1: EXPERIMENTO CONDENATORIO<\/span><\/span><\/h6><div class=\"g-cols wpb_row via_grid cols_4 laptops-cols_2 tablets-cols_2 mobiles-cols_1 valign_top type_default stacking_default\" style=\"--gap:1.9rem;\"><div class=\"wpb_column vc_column_container us_custom_eb849559\"><div class=\"vc_column-inner\"><\/div><\/div><div class=\"wpb_column vc_column_container\"><div class=\"vc_column-inner\"><div class=\"w-btn-wrapper align_center\"><a class=\"w-btn us-btn-style_17\" target=\"_blank\" rel=\"nofollow\" href=\"https:\/\/vclapps.com\/Experiments\/Exp1\/index.html\"><span class=\"w-btn-label\">WebGL<\/span><\/a><\/div><\/div><\/div><div class=\"wpb_column vc_column_container\"><div class=\"vc_column-inner\"><div class=\"w-btn-wrapper align_none\"><a class=\"w-btn us-btn-style_17\" title=\"Setup Distillation Exp1\" target=\"_blank\" rel=\"nofollow\" href=\"https:\/\/drive.google.com\/file\/d\/1xvKUyOLsQd99-lDce3DlNNBZycjti5dK\/view?usp=sharing\"><span class=\"w-btn-label\">Download<\/span><\/a><\/div><\/div><\/div><div class=\"wpb_column vc_column_container\"><div class=\"vc_column-inner\"><\/div><\/div><\/div><div class=\"w-separator size_small\"><\/div><\/div><\/div><div class=\"wpb_column vc_column_container\"><div class=\"vc_column-inner\"><div class=\"w-separator size_small\"><\/div><div class=\"w-image align_center\"><div class=\"w-image-h\"><img loading=\"lazy\" decoding=\"async\" width=\"1024\" height=\"657\" src=\"https:\/\/vclapps.com\/wp-content\/uploads\/2023\/04\/Deney-02.jpg\" class=\"attachment-full size-full\" alt=\"\" srcset=\"https:\/\/vclapps.com\/wp-content\/uploads\/2023\/04\/Deney-02.jpg 1024w, https:\/\/vclapps.com\/wp-content\/uploads\/2023\/04\/Deney-02-300x192.jpg 300w\" sizes=\"auto, (max-width: 1024px) 100vw, 1024px\" \/><\/div><\/div><div class=\"w-separator size_small\"><\/div><h6 class=\"w-text us_custom_eb849559\"><span class=\"w-text-h\"><span class=\"w-text-value\">EXPERIMENTO 2: REACCIONES DECOMBUSTI\u00d3N<\/span><\/span><\/h6><div class=\"g-cols wpb_row via_grid cols_4 laptops-cols_2 tablets-cols_2 mobiles-cols_1 valign_top type_default stacking_default\" style=\"--gap:1.9rem;\"><div class=\"wpb_column vc_column_container us_custom_eb849559\"><div class=\"vc_column-inner\"><\/div><\/div><div class=\"wpb_column vc_column_container\"><div class=\"vc_column-inner\"><div class=\"w-btn-wrapper align_center\"><a class=\"w-btn us-btn-style_17\" target=\"_blank\" rel=\"nofollow\" href=\"https:\/\/vclapps.com\/Experiments\/Exp2\/index.html\"><span class=\"w-btn-label\">WebGL<\/span><\/a><\/div><\/div><\/div><div class=\"wpb_column vc_column_container\"><div class=\"vc_column-inner\"><div class=\"w-btn-wrapper align_none\"><a class=\"w-btn us-btn-style_17\" target=\"_blank\" rel=\"nofollow\" title=\"Setup Combustion Exp2\" href=\"https:\/\/drive.google.com\/file\/d\/1o6yfK2vIYB3bVasCrXVJhbgKVQjIyDcw\/view?usp=sharing\"><span class=\"w-btn-label\">Download<\/span><\/a><\/div><\/div><\/div><div class=\"wpb_column vc_column_container\"><div class=\"vc_column-inner\"><\/div><\/div><\/div><\/div><\/div><div class=\"wpb_column vc_column_container\"><div class=\"vc_column-inner\"><div class=\"w-separator size_small\"><\/div><div class=\"w-image align_center\"><div class=\"w-image-h\"><img loading=\"lazy\" decoding=\"async\" width=\"1024\" height=\"657\" src=\"https:\/\/vclapps.com\/wp-content\/uploads\/2023\/04\/Deney-03.jpg\" class=\"attachment-full size-full\" alt=\"\" srcset=\"https:\/\/vclapps.com\/wp-content\/uploads\/2023\/04\/Deney-03.jpg 1024w, https:\/\/vclapps.com\/wp-content\/uploads\/2023\/04\/Deney-03-300x192.jpg 300w\" sizes=\"auto, (max-width: 1024px) 100vw, 1024px\" \/><\/div><\/div><div class=\"w-separator size_small\"><\/div><h6 class=\"w-text us_custom_eb849559\"><span class=\"w-text-h\"><span class=\"w-text-value\">EXPERIMENTO 3: CIN\u00c9TICA QU\u00cdMICA<\/span><\/span><\/h6><div class=\"g-cols wpb_row via_grid cols_4 laptops-cols_2 tablets-cols_2 mobiles-cols_1 valign_top type_default stacking_default\" style=\"--gap:1.9rem;\"><div class=\"wpb_column vc_column_container us_custom_eb849559\"><div class=\"vc_column-inner\"><\/div><\/div><div class=\"wpb_column vc_column_container\"><div class=\"vc_column-inner\"><div class=\"w-btn-wrapper align_center\"><a class=\"w-btn us-btn-style_17\" href=\"#\"><span class=\"w-btn-label\">WebGL<\/span><\/a><\/div><\/div><\/div><div class=\"wpb_column vc_column_container\"><div class=\"vc_column-inner\"><div class=\"w-btn-wrapper align_none\"><a class=\"w-btn us-btn-style_17\" title=\"Setup IodineClock Exp3\" target=\"_blank\" rel=\"nofollow\" href=\"https:\/\/drive.google.com\/file\/d\/1Q_jomZrYIEiFxJ4l6z1O_tpwt9dt8SeP\/view?usp=sharing\"><span class=\"w-btn-label\">Download<\/span><\/a><\/div><\/div><\/div><div class=\"wpb_column vc_column_container\"><div class=\"vc_column-inner\"><\/div><\/div><\/div><\/div><\/div><\/div><\/div><\/section><section class=\"l-section wpb_row us_custom_4eb0a6fd height_auto\"><div class=\"l-section-h i-cf\"><div class=\"g-cols vc_row via_grid cols_3 laptops-cols_inherit tablets-cols_inherit mobiles-cols_1 valign_top type_default stacking_default\"><div class=\"wpb_column vc_column_container\"><div class=\"vc_column-inner\"><div class=\"w-separator size_small\"><\/div><div class=\"w-image align_center\"><div class=\"w-image-h\"><img loading=\"lazy\" decoding=\"async\" width=\"1024\" height=\"657\" src=\"https:\/\/vclapps.com\/wp-content\/uploads\/2023\/04\/Deney-04.jpg\" class=\"attachment-full size-full\" alt=\"\" srcset=\"https:\/\/vclapps.com\/wp-content\/uploads\/2023\/04\/Deney-04.jpg 1024w, https:\/\/vclapps.com\/wp-content\/uploads\/2023\/04\/Deney-04-300x192.jpg 300w\" sizes=\"auto, (max-width: 1024px) 100vw, 1024px\" \/><\/div><\/div><div class=\"w-separator size_small\"><\/div><h6 class=\"w-text us_custom_eb849559\"><span class=\"w-text-h\"><span class=\"w-text-value\">EXPERIMENTO 4: REACCIONES DE PRECIPITACI\u00d3N<\/span><\/span><\/h6><div class=\"g-cols wpb_row via_grid cols_4 laptops-cols_2 tablets-cols_2 mobiles-cols_1 valign_top type_default stacking_default\" style=\"--gap:1.9rem;\"><div class=\"wpb_column vc_column_container us_custom_eb849559\"><div class=\"vc_column-inner\"><\/div><\/div><div class=\"wpb_column vc_column_container\"><div class=\"vc_column-inner\"><div class=\"w-btn-wrapper align_center\"><a class=\"w-btn us-btn-style_17\" href=\"#\"><span class=\"w-btn-label\">WebGL<\/span><\/a><\/div><\/div><\/div><div class=\"wpb_column vc_column_container\"><div class=\"vc_column-inner\"><div class=\"w-btn-wrapper align_none\"><a class=\"w-btn us-btn-style_17\" title=\"Experiment 4\" target=\"_blank\" rel=\"nofollow\" href=\"https:\/\/drive.google.com\/file\/d\/1WD5IHt52NXlGN7xlBZR3lN3_nmK4Kb_Z\/view?usp=sharing\"><span class=\"w-btn-label\">Download<\/span><\/a><\/div><\/div><\/div><div class=\"wpb_column vc_column_container\"><div class=\"vc_column-inner\"><\/div><\/div><\/div><\/div><\/div><div class=\"wpb_column vc_column_container\"><div class=\"vc_column-inner\"><div class=\"w-separator size_small\"><\/div><div class=\"w-image align_center\"><div class=\"w-image-h\"><img loading=\"lazy\" decoding=\"async\" width=\"1024\" height=\"657\" src=\"https:\/\/vclapps.com\/wp-content\/uploads\/2023\/04\/Deney-05.jpg\" class=\"attachment-full size-full\" alt=\"\" srcset=\"https:\/\/vclapps.com\/wp-content\/uploads\/2023\/04\/Deney-05.jpg 1024w, https:\/\/vclapps.com\/wp-content\/uploads\/2023\/04\/Deney-05-300x192.jpg 300w\" sizes=\"auto, (max-width: 1024px) 100vw, 1024px\" \/><\/div><\/div><div class=\"w-separator size_small\"><\/div><h6 class=\"w-text us_custom_eb849559\"><span class=\"w-text-h\"><span class=\"w-text-value\">EXPERIMENTO 5: VALORACI\u00d3N \u00c1CIDO \u2013 BASE<\/span><\/span><\/h6><div class=\"g-cols wpb_row via_grid cols_4 laptops-cols_2 tablets-cols_2 mobiles-cols_1 valign_top type_default stacking_default\" style=\"--gap:1.9rem;\"><div class=\"wpb_column vc_column_container us_custom_eb849559\"><div class=\"vc_column-inner\"><\/div><\/div><div class=\"wpb_column vc_column_container\"><div class=\"vc_column-inner\"><div class=\"w-btn-wrapper align_center\"><a class=\"w-btn us-btn-style_17\" href=\"#\"><span class=\"w-btn-label\">WebGL<\/span><\/a><\/div><\/div><\/div><div class=\"wpb_column vc_column_container\"><div class=\"vc_column-inner\"><div class=\"w-btn-wrapper align_none\"><a class=\"w-btn us-btn-style_17\" title=\"Experiment 5\" target=\"_blank\" rel=\"nofollow\" href=\"https:\/\/drive.google.com\/file\/d\/1qoAd4EXl1wuZdVfy6dxB2EHJsSvNTZNQ\/view?usp=sharing\"><span class=\"w-btn-label\">Download<\/span><\/a><\/div><\/div><\/div><div class=\"wpb_column vc_column_container\"><div class=\"vc_column-inner\"><\/div><\/div><\/div><\/div><\/div><div class=\"wpb_column vc_column_container\"><div class=\"vc_column-inner\"><div class=\"w-separator size_small\"><\/div><div class=\"w-image align_center\"><div class=\"w-image-h\"><img loading=\"lazy\" decoding=\"async\" width=\"1024\" height=\"657\" src=\"https:\/\/vclapps.com\/wp-content\/uploads\/2023\/04\/Deney-06.jpg\" class=\"attachment-full size-full\" alt=\"\" srcset=\"https:\/\/vclapps.com\/wp-content\/uploads\/2023\/04\/Deney-06.jpg 1024w, https:\/\/vclapps.com\/wp-content\/uploads\/2023\/04\/Deney-06-300x192.jpg 300w\" sizes=\"auto, (max-width: 1024px) 100vw, 1024px\" \/><\/div><\/div><div class=\"w-separator size_small\"><\/div><h6 class=\"w-text us_custom_eb849559\"><span class=\"w-text-h\"><span class=\"w-text-value\">EXPERIMENTO 6: PROPIEDADES DE LOS METALES<\/span><\/span><\/h6><div class=\"g-cols wpb_row via_grid cols_4 laptops-cols_2 tablets-cols_2 mobiles-cols_1 valign_top type_default stacking_default\" style=\"--gap:1.9rem;\"><div class=\"wpb_column vc_column_container us_custom_eb849559\"><div class=\"vc_column-inner\"><\/div><\/div><div class=\"wpb_column vc_column_container\"><div class=\"vc_column-inner\"><div class=\"w-btn-wrapper align_center\"><a class=\"w-btn us-btn-style_17\" href=\"#\"><span class=\"w-btn-label\">WebGL<\/span><\/a><\/div><\/div><\/div><div class=\"wpb_column vc_column_container\"><div class=\"vc_column-inner\"><div class=\"w-btn-wrapper align_none\"><a class=\"w-btn us-btn-style_17\" title=\"Setup Experiment 6\" target=\"_blank\" rel=\"nofollow\" href=\"https:\/\/drive.google.com\/file\/d\/1clJVAmGWwW0hoeXc2EEsGVb6Eb1PBPYy\/view?usp=sharing\"><span class=\"w-btn-label\">Download<\/span><\/a><\/div><\/div><\/div><div class=\"wpb_column vc_column_container\"><div class=\"vc_column-inner\"><\/div><\/div><\/div><\/div><\/div><\/div><\/div><\/section>\n","protected":false},"excerpt":{"rendered":"Aplicaciones del Laboratorio Virtual de Qu\u00edmica EXPERIMENTO 1: EXPERIMENTO CONDENATORIOWebGLDownloadEXPERIMENTO 2: REACCIONES DECOMBUSTI\u00d3NWebGLDownloadEXPERIMENTO 3: CIN\u00c9TICA QU\u00cdMICAWebGLDownloadEXPERIMENTO 4: REACCIONES DE PRECIPITACI\u00d3NWebGLDownloadEXPERIMENTO 5: VALORACI\u00d3N \u00c1CIDO \u2013 BASEWebGLDownloadEXPERIMENTO 6: PROPIEDADES DE LOS METALESWebGLDownload","protected":false},"author":2,"featured_media":0,"parent":0,"menu_order":0,"comment_status":"closed","ping_status":"closed","template":"","meta":{"inline_featured_image":false,"footnotes":""},"class_list":["post-8664","page","type-page","status-publish","hentry"],"yoast_head":"<!-- This site is optimized with the Yoast SEO plugin v22.1 - https:\/\/yoast.com\/wordpress\/plugins\/seo\/ -->\n<title>Aplicaciones del Laboratorio Virtual de Qu\u00edmica - Virtual Chemistry Lab Apps<\/title>\n<meta name=\"robots\" content=\"index, follow, max-snippet:-1, max-image-preview:large, max-video-preview:-1\" \/>\n<link rel=\"canonical\" href=\"https:\/\/vclapps.com\/es\/aplicaciones-del-laboratorio-virtual-de-quimica\/\" \/>\n<meta property=\"og:locale\" content=\"es_ES\" \/>\n<meta property=\"og:type\" content=\"article\" \/>\n<meta property=\"og:title\" content=\"Aplicaciones del Laboratorio Virtual de Qu\u00edmica - Virtual Chemistry Lab Apps\" \/>\n<meta property=\"og:url\" content=\"https:\/\/vclapps.com\/es\/aplicaciones-del-laboratorio-virtual-de-quimica\/\" \/>\n<meta property=\"og:site_name\" content=\"Virtual Chemistry Lab Apps\" \/>\n<meta property=\"article:publisher\" content=\"https:\/\/www.facebook.com\/people\/Vcl-Apps\/100070565206048\/\" \/>\n<meta property=\"article:modified_time\" content=\"2023-12-24T16:30:38+00:00\" \/>\n<meta name=\"twitter:card\" content=\"summary_large_image\" \/>\n<meta name=\"twitter:site\" content=\"@virtual_apps\" \/>\n<meta name=\"twitter:label1\" content=\"Tiempo de lectura\" \/>\n\t<meta name=\"twitter:data1\" content=\"1 minuto\" \/>\n<script type=\"application\/ld+json\" class=\"yoast-schema-graph\">{\"@context\":\"https:\/\/schema.org\",\"@graph\":[{\"@type\":\"WebPage\",\"@id\":\"https:\/\/vclapps.com\/es\/aplicaciones-del-laboratorio-virtual-de-quimica\/\",\"url\":\"https:\/\/vclapps.com\/es\/aplicaciones-del-laboratorio-virtual-de-quimica\/\",\"name\":\"Aplicaciones del Laboratorio Virtual de Qu\u00edmica - Virtual Chemistry Lab Apps\",\"isPartOf\":{\"@id\":\"https:\/\/vclapps.com\/#website\"},\"datePublished\":\"2022-04-27T15:02:46+00:00\",\"dateModified\":\"2023-12-24T16:30:38+00:00\",\"breadcrumb\":{\"@id\":\"https:\/\/vclapps.com\/es\/aplicaciones-del-laboratorio-virtual-de-quimica\/#breadcrumb\"},\"inLanguage\":\"es\",\"potentialAction\":[{\"@type\":\"ReadAction\",\"target\":[\"https:\/\/vclapps.com\/es\/aplicaciones-del-laboratorio-virtual-de-quimica\/\"]}]},{\"@type\":\"BreadcrumbList\",\"@id\":\"https:\/\/vclapps.com\/es\/aplicaciones-del-laboratorio-virtual-de-quimica\/#breadcrumb\",\"itemListElement\":[{\"@type\":\"ListItem\",\"position\":1,\"name\":\"Home\",\"item\":\"https:\/\/vclapps.com\/es\/\"},{\"@type\":\"ListItem\",\"position\":2,\"name\":\"Aplicaciones del Laboratorio Virtual de Qu\u00edmica\"}]},{\"@type\":\"WebSite\",\"@id\":\"https:\/\/vclapps.com\/#website\",\"url\":\"https:\/\/vclapps.com\/\",\"name\":\"Virtual Chemistry Lab Apps\",\"description\":\"Kimya ve Uzaktan E\u011fitim\",\"publisher\":{\"@id\":\"https:\/\/vclapps.com\/#organization\"},\"potentialAction\":[{\"@type\":\"SearchAction\",\"target\":{\"@type\":\"EntryPoint\",\"urlTemplate\":\"https:\/\/vclapps.com\/?s={search_term_string}\"},\"query-input\":\"required name=search_term_string\"}],\"inLanguage\":\"es\"},{\"@type\":\"Organization\",\"@id\":\"https:\/\/vclapps.com\/#organization\",\"name\":\"Virtual Chemistry Lab Apps \u2013 Kimya ve Uzaktan E\u011fitim\",\"alternateName\":\"VCLapps\",\"url\":\"https:\/\/vclapps.com\/\",\"logo\":{\"@type\":\"ImageObject\",\"inLanguage\":\"es\",\"@id\":\"https:\/\/vclapps.com\/#\/schema\/logo\/image\/\",\"url\":\"https:\/\/vclapps.com\/wp-content\/uploads\/2022\/02\/vclapps-favicon-00.png\",\"contentUrl\":\"https:\/\/vclapps.com\/wp-content\/uploads\/2022\/02\/vclapps-favicon-00.png\",\"width\":512,\"height\":512,\"caption\":\"Virtual Chemistry Lab Apps \u2013 Kimya ve Uzaktan E\u011fitim\"},\"image\":{\"@id\":\"https:\/\/vclapps.com\/#\/schema\/logo\/image\/\"},\"sameAs\":[\"https:\/\/www.facebook.com\/people\/Vcl-Apps\/100070565206048\/\",\"https:\/\/twitter.com\/virtual_apps\",\"https:\/\/www.instagram.com\/vcl.apps\/\"]}]}<\/script>\n<!-- \/ Yoast SEO plugin. -->","yoast_head_json":{"title":"Aplicaciones del Laboratorio Virtual de Qu\u00edmica - Virtual Chemistry Lab Apps","robots":{"index":"index","follow":"follow","max-snippet":"max-snippet:-1","max-image-preview":"max-image-preview:large","max-video-preview":"max-video-preview:-1"},"canonical":"https:\/\/vclapps.com\/es\/aplicaciones-del-laboratorio-virtual-de-quimica\/","og_locale":"es_ES","og_type":"article","og_title":"Aplicaciones del Laboratorio Virtual de Qu\u00edmica - Virtual Chemistry Lab Apps","og_url":"https:\/\/vclapps.com\/es\/aplicaciones-del-laboratorio-virtual-de-quimica\/","og_site_name":"Virtual Chemistry Lab Apps","article_publisher":"https:\/\/www.facebook.com\/people\/Vcl-Apps\/100070565206048\/","article_modified_time":"2023-12-24T16:30:38+00:00","twitter_card":"summary_large_image","twitter_site":"@virtual_apps","twitter_misc":{"Tiempo de lectura":"1 minuto"},"schema":{"@context":"https:\/\/schema.org","@graph":[{"@type":"WebPage","@id":"https:\/\/vclapps.com\/es\/aplicaciones-del-laboratorio-virtual-de-quimica\/","url":"https:\/\/vclapps.com\/es\/aplicaciones-del-laboratorio-virtual-de-quimica\/","name":"Aplicaciones del Laboratorio Virtual de Qu\u00edmica - Virtual Chemistry Lab Apps","isPartOf":{"@id":"https:\/\/vclapps.com\/#website"},"datePublished":"2022-04-27T15:02:46+00:00","dateModified":"2023-12-24T16:30:38+00:00","breadcrumb":{"@id":"https:\/\/vclapps.com\/es\/aplicaciones-del-laboratorio-virtual-de-quimica\/#breadcrumb"},"inLanguage":"es","potentialAction":[{"@type":"ReadAction","target":["https:\/\/vclapps.com\/es\/aplicaciones-del-laboratorio-virtual-de-quimica\/"]}]},{"@type":"BreadcrumbList","@id":"https:\/\/vclapps.com\/es\/aplicaciones-del-laboratorio-virtual-de-quimica\/#breadcrumb","itemListElement":[{"@type":"ListItem","position":1,"name":"Home","item":"https:\/\/vclapps.com\/es\/"},{"@type":"ListItem","position":2,"name":"Aplicaciones del Laboratorio Virtual de Qu\u00edmica"}]},{"@type":"WebSite","@id":"https:\/\/vclapps.com\/#website","url":"https:\/\/vclapps.com\/","name":"Virtual Chemistry Lab Apps","description":"Kimya ve Uzaktan E\u011fitim","publisher":{"@id":"https:\/\/vclapps.com\/#organization"},"potentialAction":[{"@type":"SearchAction","target":{"@type":"EntryPoint","urlTemplate":"https:\/\/vclapps.com\/?s={search_term_string}"},"query-input":"required name=search_term_string"}],"inLanguage":"es"},{"@type":"Organization","@id":"https:\/\/vclapps.com\/#organization","name":"Virtual Chemistry Lab Apps \u2013 Kimya ve Uzaktan E\u011fitim","alternateName":"VCLapps","url":"https:\/\/vclapps.com\/","logo":{"@type":"ImageObject","inLanguage":"es","@id":"https:\/\/vclapps.com\/#\/schema\/logo\/image\/","url":"https:\/\/vclapps.com\/wp-content\/uploads\/2022\/02\/vclapps-favicon-00.png","contentUrl":"https:\/\/vclapps.com\/wp-content\/uploads\/2022\/02\/vclapps-favicon-00.png","width":512,"height":512,"caption":"Virtual Chemistry Lab Apps \u2013 Kimya ve Uzaktan E\u011fitim"},"image":{"@id":"https:\/\/vclapps.com\/#\/schema\/logo\/image\/"},"sameAs":["https:\/\/www.facebook.com\/people\/Vcl-Apps\/100070565206048\/","https:\/\/twitter.com\/virtual_apps","https:\/\/www.instagram.com\/vcl.apps\/"]}]}},"_links":{"self":[{"href":"https:\/\/vclapps.com\/es\/wp-json\/wp\/v2\/pages\/8664","targetHints":{"allow":["GET"]}}],"collection":[{"href":"https:\/\/vclapps.com\/es\/wp-json\/wp\/v2\/pages"}],"about":[{"href":"https:\/\/vclapps.com\/es\/wp-json\/wp\/v2\/types\/page"}],"author":[{"embeddable":true,"href":"https:\/\/vclapps.com\/es\/wp-json\/wp\/v2\/users\/2"}],"replies":[{"embeddable":true,"href":"https:\/\/vclapps.com\/es\/wp-json\/wp\/v2\/comments?post=8664"}],"version-history":[{"count":10,"href":"https:\/\/vclapps.com\/es\/wp-json\/wp\/v2\/pages\/8664\/revisions"}],"predecessor-version":[{"id":9773,"href":"https:\/\/vclapps.com\/es\/wp-json\/wp\/v2\/pages\/8664\/revisions\/9773"}],"wp:attachment":[{"href":"https:\/\/vclapps.com\/es\/wp-json\/wp\/v2\/media?parent=8664"}],"curies":[{"name":"wp","href":"https:\/\/api.w.org\/{rel}","templated":true}]}}